{"id":2761,"date":"2026-04-07T16:18:31","date_gmt":"2026-04-07T16:18:31","guid":{"rendered":"https:\/\/alphra.hemsida.eu\/produkt\/firstaid-din-eo-vaska-large-easyon-invandigt\/"},"modified":"2026-04-07T16:18:31","modified_gmt":"2026-04-07T16:18:31","slug":"firstaid-din-eo-vaska-large-easyon-invandigt","status":"publish","type":"product","link":"https:\/\/alphra.hemsida.eu\/en\/produkt\/firstaid-din-eo-vaska-large-easyon-invandigt\/","title":{"rendered":"FirstAid DIN + EO Bag Large \u2013 Internal EasyOn Dispenser"},"content":{"rendered":"<p data-start=\"570\" data-end=\"760\">FirstAid DIN + EO V\u00e4ska Large \u00e4r en komplett f\u00f6rsta hj\u00e4lpen-v\u00e4ska f\u00f6r arbetsplatser, verkst\u00e4der, lager, fordon och andra milj\u00f6er d\u00e4r snabb tillg\u00e5ng till f\u00f6rbandsmaterial \u00e4r viktig.<\/p>\n<p data-start=\"762\" data-end=\"1064\">V\u00e4skan inneh\u00e5ller ett DIN Kit 13164 med ett omfattande sortiment av f\u00f6rsta hj\u00e4lpen-produkter f\u00f6r behandling av mindre skador och s\u00e5r. Inv\u00e4ndigt i v\u00e4skan finns \u00e4ven en EasyOn dispenser med 2 refill, vilket ger enkel \u00e5tkomst till pl\u00e5ster och f\u00f6rband samtidigt som inneh\u00e5llet skyddas n\u00e4r v\u00e4skan \u00e4r st\u00e4ngd. <\/p>\n<p data-start=\"1066\" data-end=\"1263\">Den robusta v\u00e4skan har tv\u00e5 praktiska hyllor som h\u00e5ller produkterna organiserade och l\u00e4ttillg\u00e4ngliga. V\u00e4ggf\u00e4ste ing\u00e5r, vilket g\u00f6r att v\u00e4skan enkelt kan monteras p\u00e5 v\u00e4gg och snabbt tas ned vid behov. <\/p>\n<p data-start=\"1265\" data-end=\"1295\">Available in green and blue.<\/p>\n","protected":false},"excerpt":{"rendered":"<p data-start=\"199\" data-end=\"359\">Portable first aid bag with DIN Kit 13164 and an EasyOn dispenser with 2 refills mounted inside the bag. Supplied with two shelves and wall bracket. <\/p>\n","protected":false},"featured_media":3073,"comment_status":"closed","ping_status":"closed","template":"","meta":{"_acf_changed":false},"product_brand":[242],"product_cat":[200],"product_tag":[],"class_list":{"0":"post-2761","1":"product","2":"type-product","3":"status-publish","4":"has-post-thumbnail","6":"product_brand-alphramedic","7":"product_cat-first-aid-kit-2","9":"first","10":"instock","11":"shipping-taxable","12":"purchasable","13":"product-type-simple"},"acf":[],"yoast_head":"<!-- This site is optimized with the Yoast SEO plugin v27.5 - https:\/\/yoast.com\/product\/yoast-seo-wordpress\/ -->\n<title>FirstAid DIN + EO Bag Large \u2013 Internal EasyOn Dispenser<\/title>\n<meta name=\"description\" content=\"Large first aid bag with DIN Kit 13164 and internal EasyOn dispenser. Includes two shelves and wall bracket.\" \/>\n<meta name=\"robots\" content=\"index, follow, max-snippet:-1, max-image-preview:large, max-video-preview:-1\" \/>\n<link rel=\"canonical\" href=\"https:\/\/alphra.hemsida.eu\/en\/produkt\/firstaid-din-eo-vaska-large-easyon-invandigt\/\" \/>\n<meta property=\"og:locale\" content=\"en_US\" \/>\n<meta property=\"og:type\" content=\"article\" \/>\n<meta property=\"og:title\" content=\"FirstAid DIN + EO Bag Large \u2013 Internal EasyOn Dispenser\" \/>\n<meta property=\"og:description\" content=\"Large first aid bag with DIN Kit 13164 and internal EasyOn dispenser. Includes two shelves and wall bracket.\" \/>\n<meta property=\"og:url\" content=\"https:\/\/alphra.hemsida.eu\/en\/produkt\/firstaid-din-eo-vaska-large-easyon-invandigt\/\" \/>\n<meta property=\"og:site_name\" content=\"Alphramedic.se\" \/>\n<meta name=\"twitter:card\" content=\"summary_large_image\" \/>\n<meta name=\"twitter:label1\" content=\"Est. reading time\" \/>\n\t<meta name=\"twitter:data1\" content=\"1 minute\" \/>\n<script type=\"application\/ld+json\" class=\"yoast-schema-graph\">{\"@context\":\"https:\\\/\\\/schema.org\",\"@graph\":[{\"@type\":\"WebPage\",\"@id\":\"https:\\\/\\\/alphra.hemsida.eu\\\/en\\\/produkt\\\/firstaid-din-eo-vaska-large-easyon-invandigt\\\/\",\"url\":\"https:\\\/\\\/alphra.hemsida.eu\\\/en\\\/produkt\\\/firstaid-din-eo-vaska-large-easyon-invandigt\\\/\",\"name\":\"FirstAid DIN + EO Bag Large \u2013 Internal EasyOn Dispenser\",\"isPartOf\":{\"@id\":\"https:\\\/\\\/alphra.hemsida.eu\\\/en\\\/#website\"},\"primaryImageOfPage\":{\"@id\":\"https:\\\/\\\/alphra.hemsida.eu\\\/en\\\/produkt\\\/firstaid-din-eo-vaska-large-easyon-invandigt\\\/#primaryimage\"},\"image\":{\"@id\":\"https:\\\/\\\/alphra.hemsida.eu\\\/en\\\/produkt\\\/firstaid-din-eo-vaska-large-easyon-invandigt\\\/#primaryimage\"},\"thumbnailUrl\":\"https:\\\/\\\/alphra.hemsida.eu\\\/wp-content\\\/uploads\\\/2026\\\/04\\\/EC-case-green-Large.webp\",\"datePublished\":\"2026-04-07T16:18:31+00:00\",\"description\":\"Large first aid bag with DIN Kit 13164 and internal EasyOn dispenser. Includes two shelves and wall bracket.\",\"breadcrumb\":{\"@id\":\"https:\\\/\\\/alphra.hemsida.eu\\\/en\\\/produkt\\\/firstaid-din-eo-vaska-large-easyon-invandigt\\\/#breadcrumb\"},\"inLanguage\":\"en-US\",\"potentialAction\":[{\"@type\":\"ReadAction\",\"target\":[\"https:\\\/\\\/alphra.hemsida.eu\\\/en\\\/produkt\\\/firstaid-din-eo-vaska-large-easyon-invandigt\\\/\"]}]},{\"@type\":\"ImageObject\",\"inLanguage\":\"en-US\",\"@id\":\"https:\\\/\\\/alphra.hemsida.eu\\\/en\\\/produkt\\\/firstaid-din-eo-vaska-large-easyon-invandigt\\\/#primaryimage\",\"url\":\"https:\\\/\\\/alphra.hemsida.eu\\\/wp-content\\\/uploads\\\/2026\\\/04\\\/EC-case-green-Large.webp\",\"contentUrl\":\"https:\\\/\\\/alphra.hemsida.eu\\\/wp-content\\\/uploads\\\/2026\\\/04\\\/EC-case-green-Large.webp\",\"width\":1500,\"height\":1500},{\"@type\":\"BreadcrumbList\",\"@id\":\"https:\\\/\\\/alphra.hemsida.eu\\\/en\\\/produkt\\\/firstaid-din-eo-vaska-large-easyon-invandigt\\\/#breadcrumb\",\"itemListElement\":[{\"@type\":\"ListItem\",\"position\":1,\"name\":\"Hem\",\"item\":\"https:\\\/\\\/alphra.hemsida.eu\\\/en\\\/\"},{\"@type\":\"ListItem\",\"position\":2,\"name\":\"Shop\",\"item\":\"https:\\\/\\\/alphra.hemsida.eu\\\/en\\\/shop\\\/\"},{\"@type\":\"ListItem\",\"position\":3,\"name\":\"FirstAid DIN + EO Bag Large \u2013 Internal EasyOn Dispenser\"}]},{\"@type\":\"WebSite\",\"@id\":\"https:\\\/\\\/alphra.hemsida.eu\\\/en\\\/#website\",\"url\":\"https:\\\/\\\/alphra.hemsida.eu\\\/en\\\/\",\"name\":\"Alphramedic.se\",\"description\":\"Brett sortiment av F\u00f6rsta Hj\u00e4lpen produkter\",\"publisher\":{\"@id\":\"https:\\\/\\\/alphra.hemsida.eu\\\/en\\\/#organization\"},\"potentialAction\":[{\"@type\":\"SearchAction\",\"target\":{\"@type\":\"EntryPoint\",\"urlTemplate\":\"https:\\\/\\\/alphra.hemsida.eu\\\/en\\\/?s={search_term_string}\"},\"query-input\":{\"@type\":\"PropertyValueSpecification\",\"valueRequired\":true,\"valueName\":\"search_term_string\"}}],\"inLanguage\":\"en-US\"},{\"@type\":\"Organization\",\"@id\":\"https:\\\/\\\/alphra.hemsida.eu\\\/en\\\/#organization\",\"name\":\"Alphramedic.se\",\"url\":\"https:\\\/\\\/alphra.hemsida.eu\\\/en\\\/\",\"logo\":{\"@type\":\"ImageObject\",\"inLanguage\":\"en-US\",\"@id\":\"https:\\\/\\\/alphra.hemsida.eu\\\/en\\\/#\\\/schema\\\/logo\\\/image\\\/\",\"url\":\"https:\\\/\\\/alphra.hemsida.eu\\\/wp-content\\\/uploads\\\/2026\\\/03\\\/logo-alphramedic-scaled.jpg\",\"contentUrl\":\"https:\\\/\\\/alphra.hemsida.eu\\\/wp-content\\\/uploads\\\/2026\\\/03\\\/logo-alphramedic-scaled.jpg\",\"width\":2560,\"height\":1139,\"caption\":\"Alphramedic.se\"},\"image\":{\"@id\":\"https:\\\/\\\/alphra.hemsida.eu\\\/en\\\/#\\\/schema\\\/logo\\\/image\\\/\"}}]}<\/script>\n<!-- \/ Yoast SEO plugin. -->","yoast_head_json":{"title":"FirstAid DIN + EO Bag Large \u2013 Internal EasyOn Dispenser","description":"Large first aid bag with DIN Kit 13164 and internal EasyOn dispenser. Includes two shelves and wall bracket.","robots":{"index":"index","follow":"follow","max-snippet":"max-snippet:-1","max-image-preview":"max-image-preview:large","max-video-preview":"max-video-preview:-1"},"canonical":"https:\/\/alphra.hemsida.eu\/en\/produkt\/firstaid-din-eo-vaska-large-easyon-invandigt\/","og_locale":"en_US","og_type":"article","og_title":"FirstAid DIN + EO Bag Large \u2013 Internal EasyOn Dispenser","og_description":"Large first aid bag with DIN Kit 13164 and internal EasyOn dispenser. Includes two shelves and wall bracket.","og_url":"https:\/\/alphra.hemsida.eu\/en\/produkt\/firstaid-din-eo-vaska-large-easyon-invandigt\/","og_site_name":"Alphramedic.se","twitter_card":"summary_large_image","twitter_misc":{"Est. reading time":"1 minute"},"schema":{"@context":"https:\/\/schema.org","@graph":[{"@type":"WebPage","@id":"https:\/\/alphra.hemsida.eu\/en\/produkt\/firstaid-din-eo-vaska-large-easyon-invandigt\/","url":"https:\/\/alphra.hemsida.eu\/en\/produkt\/firstaid-din-eo-vaska-large-easyon-invandigt\/","name":"FirstAid DIN + EO Bag Large \u2013 Internal EasyOn Dispenser","isPartOf":{"@id":"https:\/\/alphra.hemsida.eu\/en\/#website"},"primaryImageOfPage":{"@id":"https:\/\/alphra.hemsida.eu\/en\/produkt\/firstaid-din-eo-vaska-large-easyon-invandigt\/#primaryimage"},"image":{"@id":"https:\/\/alphra.hemsida.eu\/en\/produkt\/firstaid-din-eo-vaska-large-easyon-invandigt\/#primaryimage"},"thumbnailUrl":"https:\/\/alphra.hemsida.eu\/wp-content\/uploads\/2026\/04\/EC-case-green-Large.webp","datePublished":"2026-04-07T16:18:31+00:00","description":"Large first aid bag with DIN Kit 13164 and internal EasyOn dispenser. Includes two shelves and wall bracket.","breadcrumb":{"@id":"https:\/\/alphra.hemsida.eu\/en\/produkt\/firstaid-din-eo-vaska-large-easyon-invandigt\/#breadcrumb"},"inLanguage":"en-US","potentialAction":[{"@type":"ReadAction","target":["https:\/\/alphra.hemsida.eu\/en\/produkt\/firstaid-din-eo-vaska-large-easyon-invandigt\/"]}]},{"@type":"ImageObject","inLanguage":"en-US","@id":"https:\/\/alphra.hemsida.eu\/en\/produkt\/firstaid-din-eo-vaska-large-easyon-invandigt\/#primaryimage","url":"https:\/\/alphra.hemsida.eu\/wp-content\/uploads\/2026\/04\/EC-case-green-Large.webp","contentUrl":"https:\/\/alphra.hemsida.eu\/wp-content\/uploads\/2026\/04\/EC-case-green-Large.webp","width":1500,"height":1500},{"@type":"BreadcrumbList","@id":"https:\/\/alphra.hemsida.eu\/en\/produkt\/firstaid-din-eo-vaska-large-easyon-invandigt\/#breadcrumb","itemListElement":[{"@type":"ListItem","position":1,"name":"Hem","item":"https:\/\/alphra.hemsida.eu\/en\/"},{"@type":"ListItem","position":2,"name":"Shop","item":"https:\/\/alphra.hemsida.eu\/en\/shop\/"},{"@type":"ListItem","position":3,"name":"FirstAid DIN + EO Bag Large \u2013 Internal EasyOn Dispenser"}]},{"@type":"WebSite","@id":"https:\/\/alphra.hemsida.eu\/en\/#website","url":"https:\/\/alphra.hemsida.eu\/en\/","name":"Alphramedic.se","description":"Brett sortiment av F\u00f6rsta Hj\u00e4lpen produkter","publisher":{"@id":"https:\/\/alphra.hemsida.eu\/en\/#organization"},"potentialAction":[{"@type":"SearchAction","target":{"@type":"EntryPoint","urlTemplate":"https:\/\/alphra.hemsida.eu\/en\/?s={search_term_string}"},"query-input":{"@type":"PropertyValueSpecification","valueRequired":true,"valueName":"search_term_string"}}],"inLanguage":"en-US"},{"@type":"Organization","@id":"https:\/\/alphra.hemsida.eu\/en\/#organization","name":"Alphramedic.se","url":"https:\/\/alphra.hemsida.eu\/en\/","logo":{"@type":"ImageObject","inLanguage":"en-US","@id":"https:\/\/alphra.hemsida.eu\/en\/#\/schema\/logo\/image\/","url":"https:\/\/alphra.hemsida.eu\/wp-content\/uploads\/2026\/03\/logo-alphramedic-scaled.jpg","contentUrl":"https:\/\/alphra.hemsida.eu\/wp-content\/uploads\/2026\/03\/logo-alphramedic-scaled.jpg","width":2560,"height":1139,"caption":"Alphramedic.se"},"image":{"@id":"https:\/\/alphra.hemsida.eu\/en\/#\/schema\/logo\/image\/"}}]}},"_links":{"self":[{"href":"https:\/\/alphra.hemsida.eu\/en\/wp-json\/wp\/v2\/product\/2761","targetHints":{"allow":["GET"]}}],"collection":[{"href":"https:\/\/alphra.hemsida.eu\/en\/wp-json\/wp\/v2\/product"}],"about":[{"href":"https:\/\/alphra.hemsida.eu\/en\/wp-json\/wp\/v2\/types\/product"}],"replies":[{"embeddable":true,"href":"https:\/\/alphra.hemsida.eu\/en\/wp-json\/wp\/v2\/comments?post=2761"}],"version-history":[{"count":0,"href":"https:\/\/alphra.hemsida.eu\/en\/wp-json\/wp\/v2\/product\/2761\/revisions"}],"wp:featuredmedia":[{"embeddable":true,"href":"https:\/\/alphra.hemsida.eu\/en\/wp-json\/wp\/v2\/media\/3073"}],"wp:attachment":[{"href":"https:\/\/alphra.hemsida.eu\/en\/wp-json\/wp\/v2\/media?parent=2761"}],"wp:term":[{"taxonomy":"product_brand","embeddable":true,"href":"https:\/\/alphra.hemsida.eu\/en\/wp-json\/wp\/v2\/product_brand?post=2761"},{"taxonomy":"product_cat","embeddable":true,"href":"https:\/\/alphra.hemsida.eu\/en\/wp-json\/wp\/v2\/product_cat?post=2761"},{"taxonomy":"product_tag","embeddable":true,"href":"https:\/\/alphra.hemsida.eu\/en\/wp-json\/wp\/v2\/product_tag?post=2761"}],"curies":[{"name":"wp","href":"https:\/\/api.w.org\/{rel}","templated":true}]}}